{"id":37,"date":"2022-06-06T12:55:04","date_gmt":"2022-06-06T12:55:04","guid":{"rendered":"https:\/\/megas.si\/index.php\/our-story\/"},"modified":"2022-12-14T07:53:44","modified_gmt":"2022-12-14T07:53:44","slug":"kdo-smo","status":"publish","type":"page","link":"https:\/\/megas.si\/index.php\/kdo-smo\/","title":{"rendered":"Kdo smo?"},"content":{"rendered":"\t\t<div data-elementor-type=\"wp-page\" data-elementor-id=\"37\" class=\"elementor elementor-37\">\n\t\t\t\t\t\t\t\t\t<section class=\"elementor-section elementor-top-section elementor-element elementor-element-38ab3a08 elementor-section-full_width elementor-section-content-middle elementor-reverse-mobile elementor-section-height-min-height elementor-section-items-stretch elementor-section-height-default\" data-id=\"38ab3a08\" data-element_type=\"section\">\n\t\t\t\t\t\t<div class=\"elementor-container elementor-column-gap-no\">\n\t\t\t\t\t<div class=\"elementor-column elementor-col-50 elementor-top-column elementor-element elementor-element-6aaab7f5\" data-id=\"6aaab7f5\" data-element_type=\"column\" data-settings=\"{&quot;background_background&quot;:&quot;classic&quot;}\">\n\t\t\t<div class=\"elementor-widget-wrap elementor-element-populated\">\n\t\t\t\t\t\t\t\t<div class=\"elementor-element elementor-element-4ce127d7 elementor-widget elementor-widget-spacer\" data-id=\"4ce127d7\" data-element_type=\"widget\" data-widget_type=\"spacer.default\">\n\t\t\t\t<div class=\"elementor-widget-container\">\n\t\t\t<style>\/*! elementor - v3.7.8 - 02-10-2022 *\/\n.elementor-column .elementor-spacer-inner{height:var(--spacer-size)}.e-container{--container-widget-width:100%}.e-container>.elementor-widget-spacer{width:var(--container-widget-width,var(--spacer-size));-ms-flex-item-align:stretch;align-self:stretch;-ms-flex-negative:0;flex-shrink:0}.e-container>.elementor-widget-spacer>.elementor-widget-container,.e-container>.elementor-widget-spacer>.elementor-widget-container>.elementor-spacer{height:100%}.e-container>.elementor-widget-spacer>.elementor-widget-container>.elementor-spacer>.elementor-spacer-inner{height:var(--container-widget-height,var(--spacer-size))}<\/style>\t\t<div class=\"elementor-spacer\">\n\t\t\t<div class=\"elementor-spacer-inner\"><\/div>\n\t\t<\/div>\n\t\t\t\t<\/div>\n\t\t\t\t<\/div>\n\t\t\t\t\t<\/div>\n\t\t<\/div>\n\t\t\t\t<div class=\"elementor-column elementor-col-50 elementor-top-column elementor-element elementor-element-73cf2fcf\" data-id=\"73cf2fcf\" data-element_type=\"column\">\n\t\t\t<div class=\"elementor-widget-wrap elementor-element-populated\">\n\t\t\t\t\t\t\t\t<div class=\"elementor-element elementor-element-2e8edef3 elementor-widget elementor-widget-heading\" data-id=\"2e8edef3\" data-element_type=\"widget\" data-widget_type=\"heading.default\">\n\t\t\t\t<div class=\"elementor-widget-container\">\n\t\t\t<style>\/*! elementor - v3.7.8 - 02-10-2022 *\/\n.elementor-heading-title{padding:0;margin:0;line-height:1}.elementor-widget-heading .elementor-heading-title[class*=elementor-size-]>a{color:inherit;font-size:inherit;line-height:inherit}.elementor-widget-heading .elementor-heading-title.elementor-size-small{font-size:15px}.elementor-widget-heading .elementor-heading-title.elementor-size-medium{font-size:19px}.elementor-widget-heading .elementor-heading-title.elementor-size-large{font-size:29px}.elementor-widget-heading .elementor-heading-title.elementor-size-xl{font-size:39px}.elementor-widget-heading .elementor-heading-title.elementor-size-xxl{font-size:59px}<\/style><h6 class=\"elementor-heading-title elementor-size-default\">kako se je ustvarila:<\/h6>\t\t<\/div>\n\t\t\t\t<\/div>\n\t\t\t\t<div class=\"elementor-element elementor-element-374eb28a elementor-invisible elementor-widget elementor-widget-heading\" data-id=\"374eb28a\" data-element_type=\"widget\" data-settings=\"{&quot;_animation&quot;:&quot;fadeIn&quot;}\" data-widget_type=\"heading.default\">\n\t\t\t\t<div class=\"elementor-widget-container\">\n\t\t\t<h2 class=\"elementor-heading-title elementor-size-default\">Zgodba Megas<\/h2>\t\t<\/div>\n\t\t\t\t<\/div>\n\t\t\t\t<div class=\"elementor-element elementor-element-4166578b elementor-invisible elementor-widget elementor-widget-text-editor\" data-id=\"4166578b\" data-element_type=\"widget\" data-settings=\"{&quot;_animation&quot;:&quot;fadeIn&quot;,&quot;_animation_delay&quot;:400}\" data-widget_type=\"text-editor.default\">\n\t\t\t\t<div class=\"elementor-widget-container\">\n\t\t\t<style>\/*! elementor - v3.7.8 - 02-10-2022 *\/\n.elementor-widget-text-editor.elementor-drop-cap-view-stacked .elementor-drop-cap{background-color:#818a91;color:#fff}.elementor-widget-text-editor.elementor-drop-cap-view-framed .elementor-drop-cap{color:#818a91;border:3px solid;background-color:transparent}.elementor-widget-text-editor:not(.elementor-drop-cap-view-default) .elementor-drop-cap{margin-top:8px}.elementor-widget-text-editor:not(.elementor-drop-cap-view-default) .elementor-drop-cap-letter{width:1em;height:1em}.elementor-widget-text-editor .elementor-drop-cap{float:left;text-align:center;line-height:1;font-size:50px}.elementor-widget-text-editor .elementor-drop-cap-letter{display:inline-block}<\/style>\t\t\t\t<p>Za\u010detek sega v leto 1994, ko se je Jani odpravil na samostojno podjetni\u0161ko pot.<\/p><p>\u017de od samega za\u010detka je njegova ljubezen delo z lesom. Prvi izdelki so bili unikatne stenske ure. S\u010dasoma se je ponudilo \u0161e mnogo drugih prilo\u017enosti in tako je ponudbo dopolnil \u0161e z ro\u010dnimi urami in budilkami. Vpisal se je v \u0161olo za urarje in za\u010del s popravilom in servisiranjem vseh vrst ur. Velik del prodajnega prostora pa so zajemala tudi poslovna darila.<\/p><p>Leta so tekla, Megas je rastel in se razvijal, kar sta podrobno spremljala tudi h\u010di in sin. Z lati se je tudi v njiju vzbudila \u017eelja, da bi tudi sama prispevala k tej zgodbi<\/p><p>Tako je Megas postal pravo majhno dru\u017einsko podjetje. S skupnimi mo\u010dmi, se trudimo to zgodbo nadgraditi z novimi idejami v \u010dim ve\u010dje zadovoljstvo na\u0161ih strank.<\/p>\t\t\t\t\t\t<\/div>\n\t\t\t\t<\/div>\n\t\t\t\t\t<\/div>\n\t\t<\/div>\n\t\t\t\t\t\t\t<\/div>\n\t\t<\/section>\n\t\t\t\t<section class=\"elementor-section elementor-top-section elementor-element elementor-element-471d43e elementor-section-boxed elementor-section-height-default elementor-section-height-default\" data-id=\"471d43e\" data-element_type=\"section\">\n\t\t\t\t\t\t<div class=\"elementor-container elementor-column-gap-default\">\n\t\t\t\t\t<div class=\"elementor-column elementor-col-100 elementor-top-column elementor-element elementor-element-f7cd00f\" data-id=\"f7cd00f\" data-element_type=\"column\">\n\t\t\t<div class=\"elementor-widget-wrap elementor-element-populated\">\n\t\t\t\t\t\t\t\t<div class=\"elementor-element elementor-element-d2e28ec elementor-widget elementor-widget-heading\" data-id=\"d2e28ec\" data-element_type=\"widget\" data-widget_type=\"heading.default\">\n\t\t\t\t<div class=\"elementor-widget-container\">\n\t\t\t<h2 class=\"elementor-heading-title elementor-size-default\">To smo mi<\/h2>\t\t<\/div>\n\t\t\t\t<\/div>\n\t\t\t\t\t<\/div>\n\t\t<\/div>\n\t\t\t\t\t\t\t<\/div>\n\t\t<\/section>\n\t\t\t\t<section class=\"elementor-section elementor-top-section elementor-element elementor-element-f4a70c2 elementor-section-boxed elementor-section-height-default elementor-section-height-default\" data-id=\"f4a70c2\" data-element_type=\"section\">\n\t\t\t\t\t\t<div class=\"elementor-container elementor-column-gap-default\">\n\t\t\t\t\t<div class=\"elementor-column elementor-col-33 elementor-top-column elementor-element elementor-element-a0bd59b\" data-id=\"a0bd59b\" data-element_type=\"column\">\n\t\t\t<div class=\"elementor-widget-wrap elementor-element-populated\">\n\t\t\t\t\t\t\t\t<div class=\"elementor-element elementor-element-be32212 elementor-widget elementor-widget-image\" data-id=\"be32212\" data-element_type=\"widget\" data-widget_type=\"image.default\">\n\t\t\t\t<div class=\"elementor-widget-container\">\n\t\t\t<style>\/*! elementor - v3.7.8 - 02-10-2022 *\/\n.elementor-widget-image{text-align:center}.elementor-widget-image a{display:inline-block}.elementor-widget-image a img[src$=\".svg\"]{width:48px}.elementor-widget-image img{vertical-align:middle;display:inline-block}<\/style>\t\t\t\t\t\t\t\t\t\t\t\t<img width=\"1600\" height=\"1600\" src=\"https:\/\/megas.si\/wp-content\/uploads\/2022\/09\/IMG_1854_edited.jpg\" class=\"attachment-full size-full\" alt=\"\" loading=\"lazy\" srcset=\"https:\/\/megas.si\/wp-content\/uploads\/2022\/09\/IMG_1854_edited.jpg 1600w, https:\/\/megas.si\/wp-content\/uploads\/2022\/09\/IMG_1854_edited-150x150.jpg 150w, https:\/\/megas.si\/wp-content\/uploads\/2022\/09\/IMG_1854_edited-300x300.jpg 300w, https:\/\/megas.si\/wp-content\/uploads\/2022\/09\/IMG_1854_edited-768x768.jpg 768w, https:\/\/megas.si\/wp-content\/uploads\/2022\/09\/IMG_1854_edited-1024x1024.jpg 1024w, https:\/\/megas.si\/wp-content\/uploads\/2022\/09\/IMG_1854_edited-600x600.jpg 600w\" sizes=\"(max-width: 1600px) 100vw, 1600px\" \/>\t\t\t\t\t\t\t\t\t\t\t\t\t\t\t<\/div>\n\t\t\t\t<\/div>\n\t\t\t\t<div class=\"elementor-element elementor-element-ebddc5b elementor-widget elementor-widget-heading\" data-id=\"ebddc5b\" data-element_type=\"widget\" data-widget_type=\"heading.default\">\n\t\t\t\t<div class=\"elementor-widget-container\">\n\t\t\t<h5 class=\"elementor-heading-title elementor-size-medium\">Jani<\/h5>\t\t<\/div>\n\t\t\t\t<\/div>\n\t\t\t\t<div class=\"elementor-element elementor-element-d593290 elementor-widget elementor-widget-text-editor\" data-id=\"d593290\" data-element_type=\"widget\" data-widget_type=\"text-editor.default\">\n\t\t\t\t<div class=\"elementor-widget-container\">\n\t\t\t\t\t\t\t<p>Ustanovitelj podjetja je pravi mojster za vse. Ne ustra\u0161i se nobenega izziva &#8211; od izdelave najenostavnej\u0161ega klju\u010da, do najzahtevnej\u0161ega popravila ure. Vedno najde re\u0161itev.<\/p>\t\t\t\t\t\t<\/div>\n\t\t\t\t<\/div>\n\t\t\t\t\t<\/div>\n\t\t<\/div>\n\t\t\t\t<div class=\"elementor-column elementor-col-33 elementor-top-column elementor-element elementor-element-14cc2c5\" data-id=\"14cc2c5\" data-element_type=\"column\">\n\t\t\t<div class=\"elementor-widget-wrap elementor-element-populated\">\n\t\t\t\t\t\t\t\t<div class=\"elementor-element elementor-element-5c185b4 elementor-widget elementor-widget-image\" data-id=\"5c185b4\" data-element_type=\"widget\" data-widget_type=\"image.default\">\n\t\t\t\t<div class=\"elementor-widget-container\">\n\t\t\t\t\t\t\t\t\t\t\t\t\t\t\t<img width=\"1020\" height=\"1024\" src=\"https:\/\/megas.si\/wp-content\/uploads\/2022\/09\/IMG_1847_edited-2-1020x1024.jpg\" class=\"attachment-large size-large\" alt=\"\" loading=\"lazy\" srcset=\"https:\/\/megas.si\/wp-content\/uploads\/2022\/09\/IMG_1847_edited-2-1020x1024.jpg 1020w, https:\/\/megas.si\/wp-content\/uploads\/2022\/09\/IMG_1847_edited-2-150x150.jpg 150w, https:\/\/megas.si\/wp-content\/uploads\/2022\/09\/IMG_1847_edited-2-300x300.jpg 300w, https:\/\/megas.si\/wp-content\/uploads\/2022\/09\/IMG_1847_edited-2-768x771.jpg 768w, https:\/\/megas.si\/wp-content\/uploads\/2022\/09\/IMG_1847_edited-2.jpg 1593w\" sizes=\"(max-width: 1020px) 100vw, 1020px\" \/>\t\t\t\t\t\t\t\t\t\t\t\t\t\t\t<\/div>\n\t\t\t\t<\/div>\n\t\t\t\t<div class=\"elementor-element elementor-element-35d54cf elementor-widget elementor-widget-heading\" data-id=\"35d54cf\" data-element_type=\"widget\" data-widget_type=\"heading.default\">\n\t\t\t\t<div class=\"elementor-widget-container\">\n\t\t\t<h5 class=\"elementor-heading-title elementor-size-medium\">Tja\u0161a<\/h5>\t\t<\/div>\n\t\t\t\t<\/div>\n\t\t\t\t<div class=\"elementor-element elementor-element-5019c27 elementor-widget elementor-widget-text-editor\" data-id=\"5019c27\" data-element_type=\"widget\" data-widget_type=\"text-editor.default\">\n\t\t\t\t<div class=\"elementor-widget-container\">\n\t\t\t\t\t\t\t<p>Kreativna mojstrica. Nora darila, novi izdelki in od\u0161tekane ideje niso ni\u010d tujega na\u0161i Tja\u0161i. Skrbi za celostno podobno Megasa od zasnove logotipa, do prave postavitve drobne lesene hi\u0161ke na prodajni polici. Svojo trajnostno naravnanost izra\u017ea s projektom &#8220;\u010ceberolca&#8221;.<\/p>\t\t\t\t\t\t<\/div>\n\t\t\t\t<\/div>\n\t\t\t\t\t<\/div>\n\t\t<\/div>\n\t\t\t\t<div class=\"elementor-column elementor-col-33 elementor-top-column elementor-element elementor-element-8df0230\" data-id=\"8df0230\" data-element_type=\"column\">\n\t\t\t<div class=\"elementor-widget-wrap elementor-element-populated\">\n\t\t\t\t\t\t\t\t<div class=\"elementor-element elementor-element-d476f20 elementor-widget elementor-widget-image\" data-id=\"d476f20\" data-element_type=\"widget\" data-widget_type=\"image.default\">\n\t\t\t\t<div class=\"elementor-widget-container\">\n\t\t\t\t\t\t\t\t\t\t\t\t\t\t\t<img width=\"1024\" height=\"1024\" src=\"https:\/\/megas.si\/wp-content\/uploads\/2022\/09\/IMG_1814_edited-1024x1024.jpg\" class=\"attachment-large size-large\" alt=\"\" loading=\"lazy\" srcset=\"https:\/\/megas.si\/wp-content\/uploads\/2022\/09\/IMG_1814_edited-1024x1024.jpg 1024w, https:\/\/megas.si\/wp-content\/uploads\/2022\/09\/IMG_1814_edited-150x150.jpg 150w, https:\/\/megas.si\/wp-content\/uploads\/2022\/09\/IMG_1814_edited-300x300.jpg 300w, https:\/\/megas.si\/wp-content\/uploads\/2022\/09\/IMG_1814_edited-768x767.jpg 768w, https:\/\/megas.si\/wp-content\/uploads\/2022\/09\/IMG_1814_edited-600x600.jpg 600w, https:\/\/megas.si\/wp-content\/uploads\/2022\/09\/IMG_1814_edited.jpg 1600w\" sizes=\"(max-width: 1024px) 100vw, 1024px\" \/>\t\t\t\t\t\t\t\t\t\t\t\t\t\t\t<\/div>\n\t\t\t\t<\/div>\n\t\t\t\t<div class=\"elementor-element elementor-element-089802a elementor-widget elementor-widget-heading\" data-id=\"089802a\" data-element_type=\"widget\" data-widget_type=\"heading.default\">\n\t\t\t\t<div class=\"elementor-widget-container\">\n\t\t\t<h5 class=\"elementor-heading-title elementor-size-medium\">Alja\u017e<\/h5>\t\t<\/div>\n\t\t\t\t<\/div>\n\t\t\t\t<div class=\"elementor-element elementor-element-6d924b6 elementor-widget elementor-widget-text-editor\" data-id=\"6d924b6\" data-element_type=\"widget\" data-widget_type=\"text-editor.default\">\n\t\t\t\t<div class=\"elementor-widget-container\">\n\t\t\t\t\t\t\t<p>Tehni\u010dni mojster in podjetnik. Skrbi za vso tehnologijo v trgovini in na spletu. Ureja socialna omre\u017eja, spletno stran in spletno prodajo. V Megas vna\u0161a sve\u017eino in moderni pristop.<\/p>\t\t\t\t\t\t<\/div>\n\t\t\t\t<\/div>\n\t\t\t\t\t<\/div>\n\t\t<\/div>\n\t\t\t\t\t\t\t<\/div>\n\t\t<\/section>\n\t\t\t\t<section class=\"elementor-section elementor-top-section elementor-element elementor-element-ad5ca0b elementor-section-full_width elementor-section-content-middle elementor-section-height-min-height elementor-section-items-stretch elementor-section-height-default\" data-id=\"ad5ca0b\" data-element_type=\"section\">\n\t\t\t\t\t\t<div class=\"elementor-container elementor-column-gap-no\">\n\t\t\t\t\t<div class=\"elementor-column elementor-col-100 elementor-top-column elementor-element elementor-element-a0c8d02\" data-id=\"a0c8d02\" data-element_type=\"column\">\n\t\t\t<div class=\"elementor-widget-wrap elementor-element-populated\">\n\t\t\t\t\t\t\t\t<div class=\"elementor-element elementor-element-8ca3650 elementor-widget elementor-widget-heading\" data-id=\"8ca3650\" data-element_type=\"widget\" data-widget_type=\"heading.default\">\n\t\t\t\t<div class=\"elementor-widget-container\">\n\t\t\t<h6 class=\"elementor-heading-title elementor-size-default\">Kaj pa sedaj?<\/h6>\t\t<\/div>\n\t\t\t\t<\/div>\n\t\t\t\t<div class=\"elementor-element elementor-element-2ea5920 elementor-widget elementor-widget-heading\" data-id=\"2ea5920\" data-element_type=\"widget\" data-widget_type=\"heading.default\">\n\t\t\t\t<div class=\"elementor-widget-container\">\n\t\t\t<h2 class=\"elementor-heading-title elementor-size-default\">Novi izzivi<\/h2>\t\t<\/div>\n\t\t\t\t<\/div>\n\t\t\t\t<div class=\"elementor-element elementor-element-3411ca5 elementor-widget elementor-widget-text-editor\" data-id=\"3411ca5\" data-element_type=\"widget\" data-widget_type=\"text-editor.default\">\n\t\t\t\t<div class=\"elementor-widget-container\">\n\t\t\t\t\t\t\t<p>V zadnjih letih se je nekako spontano prirodila ideja o novem poglavju za Megas. Jani je pri svojem delu z lesom in pri ponudnikih lesa zaznal problem. Opazil je, da v lesni industriji nastaja ogromno lesa, ki je odvr\u017een.&nbsp;<\/p>\n<p>Mi smo se odlo\u010dili, da ta les uporabimo, ga spremenimo v \u010dudovit izdelek in mu s tem damo novo \u017eivljenje. Tako je za\u017eivela ideja: Izdelki Megas<\/p><p><ul><li>Ponovna uporaba lesa<\/li><li>Predelava odslu\u017eenih lesenih izdelkov v nove uporabne izdelke za dom<\/li><\/ul><\/p>\t\t\t\t\t\t<\/div>\n\t\t\t\t<\/div>\n\t\t\t\t\t<\/div>\n\t\t<\/div>\n\t\t\t\t<div class=\"elementor-column elementor-col-100 elementor-top-column elementor-element elementor-element-c0c8d51\" data-id=\"c0c8d51\" data-element_type=\"column\">\n\t\t\t<div class=\"elementor-widget-wrap elementor-element-populated\">\n\t\t\t\t\t\t\t\t<div class=\"elementor-element elementor-element-fb40a08 elementor-widget elementor-widget-image\" data-id=\"fb40a08\" data-element_type=\"widget\" data-widget_type=\"image.default\">\n\t\t\t\t<div class=\"elementor-widget-container\">\n\t\t\t\t\t\t\t\t\t\t\t\t\t\t\t<img src=\"https:\/\/megas.si\/wp-content\/uploads\/2022\/09\/IMG_1683.jpg\" title=\"IMG_1683\" alt=\"IMG_1683\" \/>\t\t\t\t\t\t\t\t\t\t\t\t\t\t\t<\/div>\n\t\t\t\t<\/div>\n\t\t\t\t\t<\/div>\n\t\t<\/div>\n\t\t\t\t\t\t\t<\/div>\n\t\t<\/section>\n\t\t\t\t<section class=\"elementor-section elementor-top-section elementor-element elementor-element-42977631 elementor-section-height-min-height elementor-section-boxed elementor-section-height-default elementor-section-items-middle\" data-id=\"42977631\" data-element_type=\"section\" data-settings=\"{&quot;background_background&quot;:&quot;classic&quot;}\">\n\t\t\t\t\t\t\t<div class=\"elementor-background-overlay\"><\/div>\n\t\t\t\t\t\t\t<div class=\"elementor-container elementor-column-gap-default\">\n\t\t\t\t\t<div class=\"elementor-column elementor-col-100 elementor-top-column elementor-element elementor-element-b924cd1\" data-id=\"b924cd1\" data-element_type=\"column\" data-settings=\"{&quot;background_background&quot;:&quot;classic&quot;}\">\n\t\t\t<div class=\"elementor-widget-wrap elementor-element-populated\">\n\t\t\t\t\t<div class=\"elementor-background-overlay\"><\/div>\n\t\t\t\t\t\t\t\t<div class=\"elementor-element elementor-element-9dc0be6 elementor-widget elementor-widget-heading\" data-id=\"9dc0be6\" data-element_type=\"widget\" data-widget_type=\"heading.default\">\n\t\t\t\t<div class=\"elementor-widget-container\">\n\t\t\t<h2 class=\"elementor-heading-title elementor-size-default\">Popelji se v svet lesa<\/h2>\t\t<\/div>\n\t\t\t\t<\/div>\n\t\t\t\t<div class=\"elementor-element elementor-element-961ae92 elementor-widget elementor-widget-text-editor\" data-id=\"961ae92\" data-element_type=\"widget\" data-widget_type=\"text-editor.default\">\n\t\t\t\t<div class=\"elementor-widget-container\">\n\t\t\t\t\t\t\t<p>Mogo\u010de imajo nekateri izdelki kak\u0161no gr\u010do. Ampak ne skrbeti, to je z namenom \ud83d\ude09<\/p>\t\t\t\t\t\t<\/div>\n\t\t\t\t<\/div>\n\t\t\t\t<div class=\"elementor-element elementor-element-771912db elementor-align-center elementor-widget elementor-widget-button\" data-id=\"771912db\" data-element_type=\"widget\" data-widget_type=\"button.default\">\n\t\t\t\t<div class=\"elementor-widget-container\">\n\t\t\t\t\t<div class=\"elementor-button-wrapper\">\n\t\t\t<a href=\"https:\/\/hudagrca.si\/index.php\/trgovina\/\" class=\"elementor-button-link elementor-button elementor-size-sm\" role=\"button\">\n\t\t\t\t\t\t<span class=\"elementor-button-content-wrapper\">\n\t\t\t\t\t\t<span class=\"elementor-button-text\">Trgovina<\/span>\n\t\t<\/span>\n\t\t\t\t\t<\/a>\n\t\t<\/div>\n\t\t\t\t<\/div>\n\t\t\t\t<\/div>\n\t\t\t\t\t<\/div>\n\t\t<\/div>\n\t\t\t\t\t\t\t<\/div>\n\t\t<\/section>\n\t\t\t\t\t\t\t<\/div>\n\t\t","protected":false},"excerpt":{"rendered":"<p>kako se je ustvarila: Zgodba Megas Za\u010detek sega v leto 1994, ko se je Jani odpravil na samostojno podjetni\u0161ko pot. \u017de od samega za\u010detka je njegova ljubezen delo z lesom. Prvi izdelki so bili unikatne stenske ure. S\u010dasoma se je ponudilo \u0161e mnogo drugih prilo\u017enosti in tako je ponudbo dopolnil \u0161e z ro\u010dnimi urami in [&hellip;]<\/p>\n","protected":false},"author":1,"featured_media":0,"parent":0,"menu_order":0,"comment_status":"closed","ping_status":"closed","template":"elementor_header_footer","meta":{"_monsterinsights_skip_tracking":false,"_monsterinsights_sitenote_active":false,"_monsterinsights_sitenote_note":"","_monsterinsights_sitenote_category":0},"aioseo_notices":[],"_links":{"self":[{"href":"https:\/\/megas.si\/index.php\/wp-json\/wp\/v2\/pages\/37"}],"collection":[{"href":"https:\/\/megas.si\/index.php\/wp-json\/wp\/v2\/pages"}],"about":[{"href":"https:\/\/megas.si\/index.php\/wp-json\/wp\/v2\/types\/page"}],"author":[{"embeddable":true,"href":"https:\/\/megas.si\/index.php\/wp-json\/wp\/v2\/users\/1"}],"replies":[{"embeddable":true,"href":"https:\/\/megas.si\/index.php\/wp-json\/wp\/v2\/comments?post=37"}],"version-history":[{"count":52,"href":"https:\/\/megas.si\/index.php\/wp-json\/wp\/v2\/pages\/37\/revisions"}],"predecessor-version":[{"id":612,"href":"https:\/\/megas.si\/index.php\/wp-json\/wp\/v2\/pages\/37\/revisions\/612"}],"wp:attachment":[{"href":"https:\/\/megas.si\/index.php\/wp-json\/wp\/v2\/media?parent=37"}],"curies":[{"name":"wp","href":"https:\/\/api.w.org\/{rel}","templated":true}]}}